{"id":1813,"date":"2018-06-13T12:43:04","date_gmt":"2018-06-13T10:43:04","guid":{"rendered":"http:\/\/blog.forsthaus-metzelthin.de\/?page_id=1813"},"modified":"2018-06-13T12:43:04","modified_gmt":"2018-06-13T10:43:04","slug":"datenschutz","status":"publish","type":"page","link":"http:\/\/blog.forsthaus-metzelthin.de\/?page_id=1813","title":{"rendered":"Datenschutz"},"content":{"rendered":"<header class=\"entry-header\">\n<h1 class=\"entry-title\">Datenschutzerkl\u00e4rung<\/h1>\n<\/header>\n<div class=\"entry-content\">\n<p><strong>Haftungsausschluss<\/strong><br \/>\n<strong>Haftung f\u00fcr Inhalte<\/strong><br \/>\nDie Inhalte unserer Seiten wurden mit gr\u00f6\u00dfter Sorgfalt erstellt. F\u00fcr die Richtigkeit, Vollst\u00e4ndigkeit und Aktualit\u00e4t der Inhalte k\u00f6nnen wir jedoch keine Gew\u00e4hr \u00fcbernehmen. Als Diensteanbieter sind wir gem\u00e4\u00df \u00a7 7 Abs.1 TMG f\u00fcr eigene Inhalte auf diesen Seiten nach den allgemeinen Gesetzen verantwortlich. Nach \u00a7\u00a7 8 bis 10 TMG sind wir als Diensteanbieter jedoch nicht verpflichtet, \u00fcbermittelte oder gespeicherte fremde Informationen zu \u00fcberwachen oder nach Umst\u00e4nden zu forschen, die auf eine rechtswidrige T\u00e4tigkeit hinweisen. Verpflichtungen zur Entfernung oder Sperrung der Nutzung von Informationen nach den allgemeinen Gesetzen bleiben hiervon unber\u00fchrt. Eine diesbez\u00fcgliche Haftung ist jedoch erst ab dem Zeitpunkt der Kenntnis einer konkreten Rechtsverletzung m\u00f6glich. Bei Bekanntwerden von entsprechenden Rechtsverletzungen werden wir diese Inhalte umgehend entfernen.<\/p>\n<p><strong>Haftung f\u00fcr Links<\/strong><br \/>\nUnser Angebot enth\u00e4lt Links zu externen Webseiten Dritter, auf deren Inhalte wir keinen Einfluss haben. Deshalb k\u00f6nnen wir f\u00fcr diese fremden Inhalte auch keine Gew\u00e4hr \u00fcbernehmen. F\u00fcr die Inhalte der verlinkten Seiten ist stets der jeweilige Anbieter oder Betreiber der Seiten verantwortlich. Die verlinkten Seiten wurden zum Zeitpunkt der Verlinkung auf m\u00f6gliche Rechtsverst\u00f6\u00dfe \u00fcberpr\u00fcft. Rechtswidrige Inhalte waren zum Zeitpunkt der Verlinkung nicht erkennbar. Eine permanente inhaltliche Kontrolle der verlinkten Seiten ist jedoch ohne konkrete Anhaltspunkte einer Rechtsverletzung nicht zumutbar. Bei Bekanntwerden von Rechtsverletzungen werden wir derartige Links umgehend entfernen.<\/p>\n<p><strong>Urheberrecht<\/strong><br \/>\nDie durch die Seitenbetreiber erstellten Inhalte und Werke auf diesen Seiten unterliegen dem deutschen Urheberrecht. Die Vervielf\u00e4ltigung, Bearbeitung, Verbreitung und jede Art der Verwertung au\u00dferhalb der Grenzen des Urheberrechtes bed\u00fcrfen der schriftlichen Zustimmung des jeweiligen Autors bzw. Erstellers. Downloads und Kopien dieser Seite sind nur f\u00fcr den privaten, nicht kommerziellen Gebrauch gestattet. Soweit die Inhalte auf dieser Seite nicht vom Betreiber erstellt wurden, werden die Urheberrechte Dritter beachtet. Insbesondere werden Inhalte Dritter als solche gekennzeichnet. Sollten Sie trotzdem auf eine Urheberrechtsverletzung aufmerksam werden, bitten wir um einen entsprechenden Hinweis. Bei Bekanntwerden von Rechtsverletzungen werden wir derartige Inhalte umgehend entfernen.<\/p>\n<p><strong>Datenschutzerkl\u00e4rung<\/strong><\/p>\n<p>blog.forsthaus-metzelthin.de<\/p>\n<p>Wir nehmen den Schutz Ihrer pers\u00f6nlichen Daten sehr ernst. So behandeln wir Ihre personenbezogenen Daten selbstverst\u00e4ndlich stets entsprechend der gesetzlichen Datenschutzvorschriften. Verantwortlicher f\u00fcr die Datenverarbeitung auf dieser Website im Sinne der Datenschutz-Grundverordnung (DSGVO) ist\u00a0 Ute Rott Telefon: +49 (0)39885 520070, Email: <u>info@forsthaus-metzelthin.de<\/u>. Der f\u00fcr die Verarbeitung von personenbezogenen Daten Verantwortliche ist diejenige nat\u00fcrliche oder juristische Person, die allein oder gemeinsam mit anderen \u00fcber die Zwecke und Mittel der Verarbeitung von personenbezogenen Daten entscheidet. Nachfolgend m\u00f6chten wir Sie \u00fcber die Verarbeitung von personenbezogenen Daten informieren.<\/p>\n<p><strong>Erhebung und Verarbeitung pers\u00f6nlicher Daten<\/strong><\/p>\n<p>Sie k\u00f6nnen unser Online-Angebot grunds\u00e4tzlich ohne Offenlegung Ihrer Identit\u00e4t nutzen. Sollten wir auf der Internetpr\u00e4senz z.\u00a0B. im Rahmen von Kontaktformularen oder bei der Anmeldung\/Registrierung personenbezogene Daten abfragen (wie beispielsweise Name, Anschrift oder E-Mail-Adresse), erfolgt dies auf freiwilliger Basis. Diese Informationen nutzen wir zu eigenen gesch\u00e4ftlichen Zwecken (wie dem Versand der angeforderten Materialen\/Informationen).\u201c<\/p>\n<p>Bei Fragen jeglicher Art bieten wir Ihnen die M\u00f6glichkeit, mit uns \u00fcber ein auf der Internetpr\u00e4senz bereitgestelltes Formular Kontakt aufzunehmen. Dabei sind die als Pflichtangaben gekennzeichneten Daten erforderlich, um die Anfrage zuordnen und beantworten zu k\u00f6nnen. Weitere Angaben k\u00f6nnen freiwillig get\u00e4tigt werden. Die Datenverarbeitung zum Zwecke der Kontaktaufnahme mit uns erfolgt nach Art. 6 Abs. 1 S. 1 lit. a DSGVO auf Grundlage Ihrer freiwillig erteilten Einwilligung.<\/p>\n<p>Die f\u00fcr die Benutzung des Kontaktformulars von uns erhobenen personenbezogenen Daten werden nach Erledigung der von Ihnen gestellten Anfrage sowie nach Ablauf der steuerlichen und handelsrechtlichen Aufbewahrungspflichten gel\u00f6scht.<\/p>\n<p>Eine einmal erteilte Einwilligung \u2013 zum Beispiel zum Zwecke der Zusendung eines Newsletters oder anderer interessanter Informationen aus unserem Hause \u2013 k\u00f6nnen Sie jederzeit ohne Angabe von Gr\u00fcnden mit Wirkung f\u00fcr die Zukunft bei uns widerrufen. Hierzu k\u00f6nnen Sie das o.\u00a0g. Kontaktformular oder einen anderen innerhalb des Newsletters genannten Wegs nutzen.<\/p>\n<p><strong>Cookies<\/strong><\/p>\n<p>Diese Seite verwendet \u201eCookies\u201c. Cookies sind Textdateien, die auf Ihrem Computer gespeichert werden und die eine Analyse der Benutzung der Internetpr\u00e4senz erm\u00f6glicht und Sie bei Ihrem n\u00e4chsten Besuch automatisch wieder erkennen. Sie k\u00f6nnen die Installation der Cookies durch eine entsprechende Einstellung Ihres Browsers verhindern. Dies kann ggf. dazu f\u00fchren, dass Sie nicht alle Angebote vollumf\u00e4nglich nutzen k\u00f6nnen.<\/p>\n<p><strong>Protokollierung<\/strong><\/p>\n<p>Bei jedem Zugriff auf die Internetpr\u00e4senz werden Protokolle zu statistischen Zwecken erstellt und verarbeitet, wobei der einzelne Benutzer hierbei anonym bleibt:<\/p>\n<ul>\n<li>Referrer (Seite, von deren Link Sie zu dieser Internetpr\u00e4senz gelangt sind)<\/li>\n<li>Suchbegriffe (bei Suchmaschinen als Referrer)<\/li>\n<li>IP wird zur Bestimmung des Herkunftslands und des Providers ausgewertet<\/li>\n<li>Browser, Betriebssystem, installierte Plug-ins und Bildschirmaufl\u00f6sung<\/li>\n<li>Aufenthaltszeit auf den Seiten<\/li>\n<\/ul>\n<p>Die genannten Daten werden auf Basis unseres berechtigten Interesses gem\u00e4\u00df Art. 6 Abs. 1 S. 1 lit. f DSGVO durch uns zu folgenden Zwecken verarbeitet:<\/p>\n<ul>\n<li>Gew\u00e4hrleistung eines reibungslosen Verbindungsaufbaus der Internetpr\u00e4senz,<\/li>\n<li>Gew\u00e4hrleistung einer komfortablen Nutzung unserer Internetpr\u00e4senz,<\/li>\n<li>Auswertung der Systemsicherheit und -stabilit\u00e4t sowie<\/li>\n<li>zu weiteren administrativen Zwecken.<\/li>\n<\/ul>\n<p>Wir behalten uns vor, diese Daten nachtr\u00e4glich zu pr\u00fcfen, wenn uns konkrete Anhaltspunkte f\u00fcr eine rechtswidrige Nutzung bekannt werden. Die Daten werden umgehend gel\u00f6scht, wenn sie zur Zweckerreichung nicht mehr erforderlich sind, sp\u00e4testens jedoch nach sechs Monaten.<\/p>\n<p><strong>Weitergabe der Daten<\/strong><\/p>\n<p>Eine Weitergabe an Dritte, zu kommerziellen oder nicht-kommerziellen Zwecken, findet ohne Ihre ausdr\u00fcckliche Zustimmung grunds\u00e4tzlich nicht statt. Des Weiteren nutzen wir zum Teil Plugins weiterer Anbieter auf unserer Internetpr\u00e4senz; n\u00e4heres finden Sie weiter unten.<\/p>\n<p><strong>Haftung f\u00fcr eigene Inhalte<\/strong><\/p>\n<p>Die Inhalte dieser Seiten wurden mit gr\u00f6\u00dfter Sorgfalt erstellt. F\u00fcr die Richtigkeit, Vollst\u00e4ndigkeit und Aktualit\u00e4t der Inhalte k\u00f6nnen wir jedoch keine Gew\u00e4hr \u00fcbernehmen. Als Diensteanbieter sind wir f\u00fcr eigene Inhalte auf diesen Seiten nach den allgemeinen Gesetzen verantwortlich.<\/p>\n<p><strong>Haftung f\u00fcr Links (Inhalte fremder Anbieter)<\/strong><\/p>\n<p>Von diesen eigenen Inhalten sind Querverweise (\u201eLinks\u201c) auf die von anderen Anbietern bereitgehaltenen Inhalte zu unterscheiden. Auf deren Inhalt haben wir keinen Einfluss; f\u00fcr die Inhalte der verlinkten Seiten ist stets der jeweilige Anbieter oder Betreiber der Seiten verantwortlich.<\/p>\n<p><strong>Rechte der Betroffenen<\/strong><\/p>\n<p>Wir informieren Sie hiermit dar\u00fcber, dass Sie gem\u00e4\u00df Artikel\u00a015 ff. DSGVO uns gegen\u00fcber unter den dort definierten Voraussetzungen das Recht auf Auskunft \u00fcber die betreffenden personenbezogenen Daten sowie auf Berichtigung oder L\u00f6schung oder auf Einschr\u00e4nkung der Verarbeitung oder eines Widerspruchsrechts gegen die Verarbeitung sowie des Rechts auf Daten\u00fcbertragbarkeit haben. Auch haben Sie gem\u00e4\u00df Artikel\u00a077 DSGVO das Recht der Beschwerde bei einer Datenschutz-Aufsichtsbeh\u00f6rde, wenn Sie der Ansicht ist, dass die Verarbeitung der Sie betreffenden personenbezogenen Daten gegen diese Verordnung verst\u00f6\u00dft. Wenn die Verarbeitung auf Artikel 6 Absatz 1 Buchstabe a DSGVO oder Artikel 9 Absatz 2 Buchstabe a DSGVO beruht (Einwilligung), haben Sie ferner das Recht, die Einwilligung jederzeit zu widerrufen, ohne dass die Rechtm\u00e4\u00dfigkeit der aufgrund der Einwilligung bis zum Widerruf erfolgten Verarbeitung ber\u00fchrt wird.<\/p>\n<p>Recht auf Auskunft, Art. 15 DSGVO<\/p>\n<p>Sie haben das Recht, Auskunft dar\u00fcber zu verlangen, ob und inwieweit Ihre personenbezogenen Daten verarbe<a id=\"Y-300-Z-ARBRAKTUELL-B-2016-S-211\" name=\"Y-300-Z-ARBRAKTUELL-B-2016-S-211\"><\/a><a id=\"S211\" name=\"S211\"><\/a>itet\u00a0 werden (insbesondere Verarbeitungszweck, Empf\u00e4nger der Daten, Speicherdauer, etc.).<\/p>\n<p>Recht auf Berichtigung, Art. 16 DSGVO<\/p>\n<p>Sie haben das Recht, die Berichtigung Ihrer gespeicherten Daten zu verlangen, sofern diese unrichtig oder unvollst\u00e4ndig sein sollten. Dies umfasst das Recht auf Vervollst\u00e4ndigung durch erg\u00e4nzende Erkl\u00e4rungen oder Mitteilungen.<\/p>\n<p>Recht auf L\u00f6schung, Art. 17 DSGVO<\/p>\n<p>Sie haben das Recht, die L\u00f6schung Ihrer personenbezogenen Daten zu verlangen. Dies ist etwa dann m\u00f6glich, wenn die Daten nicht mehr f\u00fcr die Zwecke, f\u00fcr die sie erhoben wurden, erforderlich sind oder die Daten aufgrund gesetzlicher Pflichten zu l\u00f6schen sind. Im Einzelfall kann dieses Recht jedoch ausgeschlossen sein.<\/p>\n<p>Recht auf Einschr\u00e4nkung der Verarbeitung, Art. 18 DSGVO<\/p>\n<p>Sie haben das Recht, die Verarbeitung ihrer personenbezogenen Daten einschr\u00e4nken zu lassen<a id=\"Y-300-Z-ARBRAKTUELL-B-2016-S-212\" name=\"Y-300-Z-ARBRAKTUELL-B-2016-S-212\"><\/a><a id=\"S212\" name=\"S212\"><\/a>. Dies ist etwa dann m\u00f6glich, wenn Ihre Daten unrichtig erfasst sind oder die Datenverarbeitung unrechtm\u00e4\u00dfig erfolgt. Im Falle der Einschr\u00e4nkung der Verarbeitung d\u00fcrfen die Daten nur noch in eng umgrenzten F\u00e4llen verarbeitet werden.<\/p>\n<p>Recht auf Daten\u00fcbertragbarkeit, Art. 20 DSGVO<\/p>\n<p>Sie haben das Recht, die Herausgabe der Sie betreffenden Daten in einem g\u00e4ngigen elektronischen, maschinenlesbaren Datenformat an Sie oder an einen von Ihnen zu benennenden Verantwortlichen zu verlangen, wenn Sie diese Daten selbst bereitgestellt haben.<\/p>\n<p>Widerspruchsrecht, Art. 21 DSGVO<\/p>\n<p>Sie haben das Recht, aus Gr\u00fcnden, die sich aus Ihrer besonderen Situation ergeben, der Verarbeitung der Sie betreffenden personenbezogenen Daten jederzeit mit Wirkung f\u00fcr die Zukunft zu widersprechen, sofern die Datenverarbeitung zur Wahrung berechtigter Interessen erfolgt (vgl. Art. 6 Abs. 1 lit. e), f) DSGVO). Im Fall Ihres Widerspruchs wird gepr\u00fcft, ob die gesetzlichen Voraussetzungen f\u00fcr die Verarbeitung Ihrer Daten vorliegen und, soweit dies nicht der Fall ist, jede weitere Verarbeitung Ihrer Daten unterlassen.<\/p>\n<p>Recht zur Beschwerde bei der Aufsichtsbeh\u00f6rde, Art. 77 DSGVO<\/p>\n<p>Sie haben das Recht, sich wegen eventueller Verst\u00f6\u00dfe gegen datenschutzrechtliche Vorschriften jederzeit an die zust\u00e4ndige Aufsichtsbeh\u00f6rde der Union oder der Mitgliedsstaaten zu wenden.<\/p>\n<p><strong>\u00c4nderung unserer Datenschutzbestimmungen<\/strong><\/p>\n<p>Wir behalten uns vor, diese Datenschutzerkl\u00e4rung gelegentlich anzupassen, damit sie stets den aktuellen rechtlichen Anforderungen entspricht oder um \u00c4nderungen unserer Leistungen in der Datenschutzerkl\u00e4rung umzusetzen, z. B. bei der Einf\u00fchrung neuer Services. F\u00fcr Ihren erneuten Besuch gilt dann die neue Datenschutzerkl\u00e4rung.<\/p>\n<p><strong>Fragen<\/strong><\/p>\n<p>Wenn Sie Fragen hinsichtlich der Verarbeitung Ihrer pers\u00f6nlichen Daten haben, k\u00f6nnen Sie sich direkt an uns wenden.<\/p>\n<p><strong>GoogleMaps<\/strong><\/p>\n<p>Zur vereinfachten Anreise bieten wir Ihnen die Nutzung von Google Maps zur Darstellung von Karten und zur Erstellung von Anfahrtspl\u00e4nen. Google Maps wird von Google Inc., 1600 Amphitheatre Parkway, Mountain View, CA 94043, USA betrieben. Diese Seiten werden Ihnen entsprechend kenntlich gemacht.<\/p>\n<p>Durch die Nutzung dieses Services erkl\u00e4ren Sie sich mit der Erhebung, Verarbeitung und Nutzung der dabei erhobenen sowie der von Ihnen eingegebenen Daten durch Google einverstanden. Die Nutzungsbedingungen f\u00fcr Google Maps finden Sie unter <a href=\"http:\/\/www.google.com\/intl\/de_de\/help\/terms_maps.html\" rel=\"nofollow\">http:\/\/www.google.com\/intl\/de_de\/help\/terms_maps.html<\/a> [externe Seite].<\/p>\n<p><strong>Webanalyse mit Google Analytics<\/strong><\/p>\n<p>Diese Website benutzt Google Analytics, einen Webanalysedienst der Google Inc. (\u201eGoogle\u201c). Google Analytics verwendet sog. \u201eCookies\u201c, Textdateien, die auf Ihrem Computer gespeichert werden und die eine Analyse der Benutzung der Website durch Sie erm\u00f6glicht. Die durch den Cookie erzeugten Informationen \u00fcber Ihre Benutzung dieser Website (einschlie\u00dflich Ihrer verk\u00fcrzten IP-Adresse) wird an einen Server von Google in den USA \u00fcbertragen und dort gespeichert. Google wird diese Informationen benutzen, um Ihre Nutzung der Website auszuwerten, um Reports \u00fcber die Websiteaktivit\u00e4ten f\u00fcr die Websitebetreiber zusammenzustellen und um weitere mit der Websitenutzung und der Internetnutzung verbundene Dienstleistungen zu erbringen. Auch wird Google diese Informationen gegebenenfalls an Dritte \u00fcbertragen, sofern dies gesetzlich vorgeschrieben oder soweit Dritte diese Daten im Auftrag von Google verarbeiten. Google wird in keinem Fall Ihre IP-Adresse mit anderen Daten der Google in Verbindung bringen.<\/p>\n<p>Sie k\u00f6nnen der Verwendung Ihrer Daten durch Google Analytics widersprechen, indem Sie ein sog. Add-on in Ihrem Browser installieren. Hierzu k\u00f6nnen Sie dem nachfolgenden Link folgen, der Sie auf die Seite von Google f\u00fchrt: <a href=\"http:\/\/tools.google.com\/dlpage\/gaoptout?hl=de\" rel=\"nofollow\">http:\/\/tools.google.com\/dlpage\/gaoptout?hl=de<\/a> [externe Seite].<\/p>\n<p><strong>Facebook (Like-Button)<\/strong><\/p>\n<p>Auf unserer Internetpr\u00e4senz sind zum Teil sog.\u00a0Plug-ins (\u201eGef\u00e4llt mir\u201c-Button) von Facebook integriert (Facebook Inc., 1601 S. California Ave, Palo Alto, CA 94304, USA). Bei Aufruf der jeweiligen Seite auf unserer Internetpr\u00e4senz wird an Facebook \u00fcbermittelt, welche unserer Internetseiten Sie mit Ihrer IP-Adresse besucht haben. Sofern Sie als Mitglied bei Facebook eingeloggt sind, wird dies Ihrem pers\u00f6nlichen Facebook-Benutzerkonto zugeordnet. Bei der Nutzung der Plug-in-Funktionen (z.\u00a0B. Anklicken des \u201eGef\u00e4llt mir\u201c-Buttons, Abgabe eines Kommentars) werden auch diese Informationen Ihrem Facebook-Konto zugeordnet, was Sie durch Ausloggen vor Nutzung des Plug-ins verhindern k\u00f6nnen.<\/p>\n<p><strong>Google+<\/strong><\/p>\n<p>Unsere Seiten nutzen Funktionen von Google+. Anbieter ist die Google Inc., 1600 Amphitheatre Parkway Mountain View, CA 94043, USA. Mithilfe der Google+-Schaltfl\u00e4che k\u00f6nnen Sie Informationen weltweit ver\u00f6ffentlichen. \u00dcber die Google+-Schaltfl\u00e4che erhalten Sie und andere Nutzer personalisierte Inhalte von Google und unseren Partnern. Google speichert sowohl die Information, dass Sie f\u00fcr einen Inhalt +1 gegeben haben, als auch Informationen \u00fcber die Seite, die Sie beim Klicken auf +1 angesehen haben. Ihre +1 k\u00f6nnen als Hinweise zusammen mit Ihrem Profilnamen und Ihrem Foto in Google-Diensten, wie etwa in Suchergebnissen oder in Ihrem Google-Profil, oder an anderen Stellen auf Internetpr\u00e4senzen und Anzeigen im Internet eingeblendet werden. Google zeichnet Informationen \u00fcber Ihre +1-Aktivit\u00e4ten auf, um die Google-Dienste f\u00fcr Sie und andere zu verbessern. Um die Google+-Schaltfl\u00e4che verwenden zu k\u00f6nnen, ben\u00f6tigen Sie ein weltweit sichtbares, \u00f6ffentliches Google-Profil, das zumindest den f\u00fcr das Profil gew\u00e4hlten Namen enthalten muss. Dieser Name wird in allen Google-Diensten verwendet. In manchen F\u00e4llen kann dieser Name auch einen anderen Namen ersetzen, den Sie beim Teilen von Inhalten \u00fcber Ihr Google-Konto verwendet haben. Die Identit\u00e4t Ihres Google-Profils kann Nutzern angezeigt werden, die Ihre E-Mail-Adresse kennen oder \u00fcber andere identifizierende Informationen von Ihnen verf\u00fcgen. Neben den oben erl\u00e4uterten Verwendungszwecken werden die von Ihnen bereitgestellten Informationen gem\u00e4\u00df den geltenden Google-Datenschutzbestimmungen genutzt. Google ver\u00f6ffentlicht m\u00f6glicherweise zusammengefasste Statistiken \u00fcber die +1-Aktivit\u00e4ten der Nutzer bzw. gibt diese an Nutzer und Partner weiter, wie etwa Publisher, Inserenten oder verbundene Internetpr\u00e4senzen.<\/p>\n<p><strong>XING<\/strong><\/p>\n<p>Unsere Webseite nutzt Funktionen des Netzwerks XING. Anbieter ist die XING AG, Dammtorstra\u00dfe 29-32, 20354 Hamburg, Deutschland. Bei jedem Abruf einer unserer Seiten, die Funktionen von XING enth\u00e4lt, wird eine Verbindung zu Servern von XING hergestellt. Eine Speicherung von personenbezogenen Daten erfolgt dabei nach unserer Kenntnis nicht. Insbesondere werden keine IP-Adressen gespeichert oder das Nutzungsverhalten ausgewertet. Weitere Information zum Datenschutz und dem XING Share-Button finden Sie in der Datenschutzerkl\u00e4rung von XING unter: <a href=\"https:\/\/www.xing.com\/app\/share?op=data_protection\">https:\/\/www.xing.com\/app\/share?op=data_protection<\/a> [externe Seite]<\/p>\n<p><strong>YouTube<\/strong><\/p>\n<p>Unsere Webseite nutzt Plugins der von Google betriebenen Seite YouTube. Betreiber der Seiten ist die YouTube, LLC, 901 Cherry Ave., San Bruno, CA 94066, USA. Wenn Sie eine unserer mit einem YouTube-Plugin ausgestatteten Seiten besuchen, wird eine Verbindung zu den Servern von YouTube hergestellt. Dabei wird dem Youtube-Server mitgeteilt, welche unserer Seiten Sie besucht haben. Wenn Sie in Ihrem YouTube-Account eingeloggt sind erm\u00f6glichen Sie YouTube, Ihr Surfverhalten direkt Ihrem pers\u00f6nlichen Profil zuzuordnen. Dies k\u00f6nnen Sie verhindern, indem Sie sich aus Ihrem YouTube-Account ausloggen. Weitere Informationen zum Umgang von Nutzerdaten finden Sie in der Datenschutzerkl\u00e4rung von YouTube unter: <a href=\"https:\/\/www.google.de\/intl\/de\/policies\/privacy\">https:\/\/www.google.de\/intl\/de\/policies\/privacy<\/a> [externe Seite]<\/p>\n<\/div>\n","protected":false},"excerpt":{"rendered":"<p>Datenschutzerkl\u00e4rung Haftungsausschluss Haftung f\u00fcr Inhalte Die Inhalte unserer Seiten wurden mit gr\u00f6\u00dfter Sorgfalt erstellt. F\u00fcr die Richtigkeit, Vollst\u00e4ndigkeit und Aktualit\u00e4t der Inhalte k\u00f6nnen wir jedoch keine Gew\u00e4hr \u00fcbernehmen. Als Diensteanbieter sind wir gem\u00e4\u00df \u00a7 7 Abs.1 TMG f\u00fcr eigene Inhalte &hellip; <a href=\"http:\/\/blog.forsthaus-metzelthin.de\/?page_id=1813\">Weiterlesen <span class=\"meta-nav\">&rarr;<\/span><\/a><\/p>\n","protected":false},"author":1,"featured_media":0,"parent":0,"menu_order":0,"comment_status":"closed","ping_status":"closed","template":"","meta":[],"_links":{"self":[{"href":"http:\/\/blog.forsthaus-metzelthin.de\/index.php?rest_route=\/wp\/v2\/pages\/1813"}],"collection":[{"href":"http:\/\/blog.forsthaus-metzelthin.de\/index.php?rest_route=\/wp\/v2\/pages"}],"about":[{"href":"http:\/\/blog.forsthaus-metzelthin.de\/index.php?rest_route=\/wp\/v2\/types\/page"}],"author":[{"embeddable":true,"href":"http:\/\/blog.forsthaus-metzelthin.de\/index.php?rest_route=\/wp\/v2\/users\/1"}],"replies":[{"embeddable":true,"href":"http:\/\/blog.forsthaus-metzelthin.de\/index.php?rest_route=%2Fwp%2Fv2%2Fcomments&post=1813"}],"version-history":[{"count":3,"href":"http:\/\/blog.forsthaus-metzelthin.de\/index.php?rest_route=\/wp\/v2\/pages\/1813\/revisions"}],"predecessor-version":[{"id":1816,"href":"http:\/\/blog.forsthaus-metzelthin.de\/index.php?rest_route=\/wp\/v2\/pages\/1813\/revisions\/1816"}],"wp:attachment":[{"href":"http:\/\/blog.forsthaus-metzelthin.de\/index.php?rest_route=%2Fwp%2Fv2%2Fmedia&parent=1813"}],"curies":[{"name":"wp","href":"https:\/\/api.w.org\/{rel}","templated":true}]}}