{"id":12,"date":"2012-10-09T13:54:50","date_gmt":"2012-10-09T13:54:50","guid":{"rendered":"http:\/\/blog.forsthaus-metzelthin.de\/?page_id=12"},"modified":"2021-08-26T13:27:39","modified_gmt":"2021-08-26T11:27:39","slug":"urlaub-mit-hund","status":"publish","type":"page","link":"http:\/\/blog.forsthaus-metzelthin.de\/?page_id=12","title":{"rendered":"Ferien mit Ihrem Hund im Forsthaus Metzelthin"},"content":{"rendered":"\n<h1><strong>Ferien mit Ihrem Hund im Naturpark Uckerm\u00e4rkische Seen<\/strong><\/h1>\n\n\n\n<p>Sie suchen ein hundefreundliches Urlaubsquartier? Entweder mit dem Reisemobil oder in einer Ferienwohnung?<\/p>\n\n\n\n<p>Dann sind Sie bei uns genau richtig. Im Forsthaus Metzelthin bieten wir seit 2006 f\u00fcr Menschen mit Hunden 3 Ferienwohungen und\u00a0 8 Stellpl\u00e4tze f\u00fcr Reisemobile \/ autarke Caravans an. Den G\u00e4sten der Ferienwohnungen steht ein 2.00qm gro\u00dfer, eingez\u00e4unter Garten zur Verf\u00fcgung. Bei uns sind alle Hunde willkommen, Rasse, Gr\u00f6\u00dfe und Anzahl spielen bei uns keine Rolle. F\u00fcr Familientreffen oder gemeinsamen Urlaub mit Freunden k\u00f6nnen Sie unser ganzes Haus buchen.<\/p>\n\n\n\n<p>Wundersch\u00f6ne Spazierg\u00e4nge durch die weiten Wiesen und W\u00e4lder des Naturparks fangen direkt an der Haust\u00fcre an, Sie k\u00f6nnen stundenlang wandern, ohne jemanden zu treffen, und die Ruhe unserer Natur genie\u00dfen.<\/p>\n\n\n\n<p>Wer gerne m\u00f6chte, kann auch Training in der Hundeschule, z.B. mit unserem Trainingspaket, oder eine gef\u00fchrte Wanderung buchen.<\/p>\n\n\n\n<p>Neugierig geworden? Dann melden Sie sich doch bei uns: info@forsthaus-metzelthin.de oder 039885 &#8211; 52 00 70.<\/p>\n\n\n\n<p>Wir freuen uns auf Sie und Ihre Pelznasen.<\/p>\n\n\n\n<div class=\"wp-block-cover has-background-dim\"><img decoding=\"async\" loading=\"lazy\" width=\"450\" height=\"600\" class=\"wp-block-cover__image-background wp-image-2046\" alt=\"\" src=\"http:\/\/blog.forsthaus-metzelthin.de\/wp-content\/uploads\/2021\/07\/P1010361.jpg\" data-object-fit=\"cover\" srcset=\"http:\/\/blog.forsthaus-metzelthin.de\/wp-content\/uploads\/2021\/07\/P1010361.jpg 450w, http:\/\/blog.forsthaus-metzelthin.de\/wp-content\/uploads\/2021\/07\/P1010361-225x300.jpg 225w\" sizes=\"(max-width: 450px) 100vw, 450px\" \/><div class=\"wp-block-cover__inner-container\">\n<p class=\"has-large-font-size\">Ute Rott mit Ide<\/p>\n<\/div><\/div>\n\n\n\n<div class=\"wp-block-cover has-background-dim\"><img decoding=\"async\" loading=\"lazy\" width=\"1024\" height=\"768\" class=\"wp-block-cover__image-background wp-image-2082\" alt=\"\" src=\"http:\/\/blog.forsthaus-metzelthin.de\/wp-content\/uploads\/2021\/08\/Dez-09-017.jpg\" data-object-fit=\"cover\" srcset=\"http:\/\/blog.forsthaus-metzelthin.de\/wp-content\/uploads\/2021\/08\/Dez-09-017.jpg 1024w, http:\/\/blog.forsthaus-metzelthin.de\/wp-content\/uploads\/2021\/08\/Dez-09-017-300x225.jpg 300w, http:\/\/blog.forsthaus-metzelthin.de\/wp-content\/uploads\/2021\/08\/Dez-09-017-768x576.jpg 768w\" sizes=\"(max-width: 1024px) 100vw, 1024px\" \/><div class=\"wp-block-cover__inner-container\">\n<p class=\"has-large-font-size\">Sitzecke der kleinen Wohnung<\/p>\n<\/div><\/div>\n\n\n\n<figure class=\"wp-block-image\"><img alt=\"\"\/><\/figure>\n\n\n\n<p><\/p>\n\n\n\n<div class=\"wp-block-cover has-background-dim\"><img decoding=\"async\" loading=\"lazy\" width=\"640\" height=\"480\" class=\"wp-block-cover__image-background wp-image-2080\" alt=\"\" src=\"http:\/\/blog.forsthaus-metzelthin.de\/wp-content\/uploads\/2021\/08\/DSCN2902.jpg\" data-object-fit=\"cover\" srcset=\"http:\/\/blog.forsthaus-metzelthin.de\/wp-content\/uploads\/2021\/08\/DSCN2902.jpg 640w, http:\/\/blog.forsthaus-metzelthin.de\/wp-content\/uploads\/2021\/08\/DSCN2902-300x225.jpg 300w\" sizes=\"(max-width: 640px) 100vw, 640px\" \/><div class=\"wp-block-cover__inner-container\">\n<p class=\"has-large-font-size\">Unsere Stellpl\u00e4tze<\/p>\n<\/div><\/div>\n\n\n\n<p><\/p>\n","protected":false},"excerpt":{"rendered":"<p>Ferien mit Ihrem Hund im Naturpark Uckerm\u00e4rkische Seen Sie suchen ein hundefreundliches Urlaubsquartier? Entweder mit dem Reisemobil oder in einer Ferienwohnung? Dann sind Sie bei uns genau richtig. Im Forsthaus Metzelthin bieten wir seit 2006 f\u00fcr Menschen mit Hunden 3 &hellip; <a href=\"http:\/\/blog.forsthaus-metzelthin.de\/?page_id=12\">Weiterlesen <span class=\"meta-nav\">&rarr;<\/span><\/a><\/p>\n","protected":false},"author":1,"featured_media":245,"parent":0,"menu_order":0,"comment_status":"closed","ping_status":"open","template":"","meta":[],"_links":{"self":[{"href":"http:\/\/blog.forsthaus-metzelthin.de\/index.php?rest_route=\/wp\/v2\/pages\/12"}],"collection":[{"href":"http:\/\/blog.forsthaus-metzelthin.de\/index.php?rest_route=\/wp\/v2\/pages"}],"about":[{"href":"http:\/\/blog.forsthaus-metzelthin.de\/index.php?rest_route=\/wp\/v2\/types\/page"}],"author":[{"embeddable":true,"href":"http:\/\/blog.forsthaus-metzelthin.de\/index.php?rest_route=\/wp\/v2\/users\/1"}],"replies":[{"embeddable":true,"href":"http:\/\/blog.forsthaus-metzelthin.de\/index.php?rest_route=%2Fwp%2Fv2%2Fcomments&post=12"}],"version-history":[{"count":18,"href":"http:\/\/blog.forsthaus-metzelthin.de\/index.php?rest_route=\/wp\/v2\/pages\/12\/revisions"}],"predecessor-version":[{"id":2086,"href":"http:\/\/blog.forsthaus-metzelthin.de\/index.php?rest_route=\/wp\/v2\/pages\/12\/revisions\/2086"}],"wp:featuredmedia":[{"embeddable":true,"href":"http:\/\/blog.forsthaus-metzelthin.de\/index.php?rest_route=\/wp\/v2\/media\/245"}],"wp:attachment":[{"href":"http:\/\/blog.forsthaus-metzelthin.de\/index.php?rest_route=%2Fwp%2Fv2%2Fmedia&parent=12"}],"curies":[{"name":"wp","href":"https:\/\/api.w.org\/{rel}","templated":true}]}}